{"id":1898,"date":"2025-12-20T00:35:17","date_gmt":"2025-12-19T23:35:17","guid":{"rendered":"https:\/\/www.apelchamarette.fr\/vide-grenier\/?page_id=1898"},"modified":"2026-03-10T10:37:28","modified_gmt":"2026-03-10T09:37:28","slug":"inscription-au-vide-grenier-onmap","status":"publish","type":"page","link":"https:\/\/www.apelchamarette.fr\/vide-grenier\/","title":{"rendered":"INSCRIPTION AU VIDE GRENIERS"},"content":{"rendered":"<p>[et_pb_section fb_built=\u00a0\u00bb1&Prime; inner_shadow=\u00a0\u00bbon\u00a0\u00bb _builder_version=\u00a0\u00bb4.16&Prime; custom_margin=\u00a0\u00bb0px||0px||false|false\u00a0\u00bb custom_padding=\u00a0\u00bb0px||0px||false|false\u00a0\u00bb box_shadow_style=\u00a0\u00bbpreset3&Prime; locked=\u00a0\u00bboff\u00a0\u00bb global_colors_info=\u00a0\u00bb{}\u00a0\u00bb][et_pb_row _builder_version=\u00a0\u00bb4.16&Prime; global_colors_info=\u00a0\u00bb{}\u00a0\u00bb][et_pb_column type=\u00a0\u00bb4_4&Prime; _builder_version=\u00a0\u00bb4.16&Prime; global_colors_info=\u00a0\u00bb{}\u00a0\u00bb][et_pb_text _builder_version=\u00a0\u00bb4.16&Prime; global_colors_info=\u00a0\u00bb{}\u00a0\u00bb]<\/p>\n<p class=\"p1 ft1\" style=\"text-align: center;\"><strong>Le Vide-greniers d&rsquo;Automne de la Chamarette aura lieu le<\/strong><br \/><strong>DIMANCHE 3 mai 2026 de 8h30 \u00e0 17h00<br \/><em>(sous r\u00e9serve de cl\u00f4turer plus t\u00f4t selon la m\u00e9t\u00e9o)<\/em><br \/><\/strong><\/p>\n<p class=\"p1 ft1\" style=\"text-align: center;\"><strong><\/strong><\/p>\n<p class=\"p1 ft1\" style=\"text-align: center;\">Ecole de la Chamarette &#8211; 74100 ANNEMASSE<br \/><a href=\"mailto:videgrenier@apelchamarette.fr\"><strong>videgrenier@apelchamarette.fr<\/strong><\/a><br \/><a href=\"https:\/\/www.apelchamarette.fr\">https:\/\/www.apelchamarette.fr<\/a><\/p>\n<h3 class=\"p5 ft5\" style=\"text-align: center;\"><span style=\"color: #ff0000;\"><strong>Tarif : 12 euros les 2m lin\u00e9aires (minimum).<\/strong><\/span><\/h3>\n<p style=\"text-align: center;\"><span style=\"color: #ff0000;\">Merci d&rsquo;imprimer, signer et transmettre votre Bon de r\u00e9servation \u00e0 l\u2019APEL.<\/span><br \/><span style=\"color: #ff0000;\"> Ce dernier vous sera transmis par mail une fois votre commande valid\u00e9e\u00a0<strong><em>(V\u00e9rifiez vos SPAMS)<\/em><\/strong><\/span><\/p>\n<p style=\"text-align: center;\"><span style=\"color: #ff0000;\"><strong><em><\/em><\/strong><\/span><\/p>\n<p>[\/et_pb_text][et_pb_image src=\u00a0\u00bbhttps:\/\/www.apelchamarette.fr\/vide-grenier\/wp-content\/uploads\/sites\/2\/2020\/01\/2018-09-23-a-15-31-58-scaled-1-e1580129174115.jpg\u00a0\u00bb align_tablet=\u00a0\u00bbcenter\u00a0\u00bb align_phone=\u00a0\u00bb\u00a0\u00bb align_last_edited=\u00a0\u00bbon|desktop\u00a0\u00bb _builder_version=\u00a0\u00bb4.16&Prime; global_colors_info=\u00a0\u00bb{}\u00a0\u00bb][\/et_pb_image][\/et_pb_column][\/et_pb_row][et_pb_row _builder_version=\u00a0\u00bb4.16&Prime; custom_padding=\u00a0\u00bb|20px||20px|false|false\u00a0\u00bb global_colors_info=\u00a0\u00bb{}\u00a0\u00bb][et_pb_column type=\u00a0\u00bb4_4&Prime; _builder_version=\u00a0\u00bb4.16&Prime; global_colors_info=\u00a0\u00bb{}\u00a0\u00bb][et_pb_text _builder_version=\u00a0\u00bb4.16&Prime; global_colors_info=\u00a0\u00bb{}\u00a0\u00bb]<\/p>\n<h3 class=\"p0 ft0\"><span>\u00a0R\u00c8GLEMENT :<\/span><\/h3>\n<ol>\n<li class=\"p7 ft8\"><span class=\"ft7\">Votre emplacement ne vous sera r\u00e9serv\u00e9 que lorsque toutes les pi\u00e8ces demand\u00e9es nous seront parvenues. Tout dossier incomplet ou erron\u00e9 sera refus\u00e9.<\/span><\/li>\n<li class=\"p7 ft8\">Pas de remboursement en cas d\u2019annulation <em>(intemp\u00e9rie, maladie, etc.)<\/em><\/li>\n<li class=\"p7 ft8\"><span class=\"ft11\">Les inscriptions sont limit\u00e9es \u00e0 <\/span><span class=\"ft12\">4 emplacements maximum <\/span>par exposant <em>(l\u2019emplacement est de 2m sur 1m50 de profondeur)<\/em>.<\/li>\n<li class=\"p7 ft8\"><span class=\"ft11\">L\u2019enceinte de l\u2019\u00e9cole est limit\u00e9e \u00e0 <\/span><span class=\"ft12\">un passage <\/span>par <span class=\"ft12\">v\u00e9hicule de tourisme <\/span><em>(aucun camion ou camionnette ne sera accept\u00e9)<\/em> et <span class=\"ft12\">par emplacement <\/span><em>(immatriculation figurant sur l\u2019attestation ci-jointe)<\/em>. Les remorques sont autoris\u00e9es d\u00e8s 2 emplacements, mais elles ne peuvent pas stationner dans l&rsquo;enceinte de l&rsquo;\u00e9cole.<\/li>\n<li class=\"p7 ft8\"><span class=\"ft11\">Pour des raisons de s\u00e9curit\u00e9, l\u2019installation des exposants se fera par cr\u00e9neaux horaires, de 6h00 \u00e0 8h00. <\/span><span class=\"ft12\">Aucun v\u00e9hicule ne pourra circuler dans l\u2019enceinte de l\u2019\u00e9cole entre 8h00 et 17h00*.<br \/><span style=\"font-size: xx-small;\"><em>(*) Sous r\u00e9serve de cl\u00f4ture plus t\u00f4t.<\/em><\/span><\/span><\/li>\n<li class=\"p7 ft8\">\u00c0 partir de 8h00, les places r\u00e9serv\u00e9es et non occup\u00e9es seront consid\u00e9r\u00e9es comme vacantes et pourront \u00eatre \u00e0 nouveau attribu\u00e9es sans possibilit\u00e9 de remboursement.<\/li>\n<li class=\"p7 ft8\">L\u2019APEL d\u00e9cline toute responsabilit\u00e9 en cas de vol d\u2019argent, de mat\u00e9riel ou de v\u00e9hicule.<\/li>\n<li class=\"p7 ft8\"><span class=\"ft14\">Majoration de\u00a0<\/span>10\u20ac par emplacement,\u00a0<span class=\"ft12\">en cas de d\u00e9passement <\/span>de la surface allou\u00e9e.<\/li>\n<li class=\"p7 ft8\"><span class=\"ft11\">Les exposants s\u2019engagent \u00e0 ne vendre <span style=\"text-decoration: underline;\"><strong>ni objets neufs<\/strong><\/span> <em>(Article L <\/em><\/span><em>310-2 du Code de commerce)<\/em>, <span style=\"text-decoration: underline;\"><strong>ni objets vol\u00e9s<\/strong><\/span> <em>(d\u00e9cret du 24\/08\/1968)<\/em> ; <span style=\"text-decoration: underline;\"><strong>ni armes<\/strong><\/span>, <span style=\"text-decoration: underline;\"><em><strong>ni denr\u00e9es alimentaires<\/strong><\/em><\/span>, <span style=\"text-decoration: underline;\"><strong>ni animaux vivants<\/strong><\/span>&#8230;<\/li>\n<li class=\"p7 ft8\"><span class=\"ft7\">Les exposants s\u2019engagent \u00e0 ne pas avoir particip\u00e9 \u00e0 2 autres manifestations de m\u00eame nature au cours de l\u2019ann\u00e9e civile. <em>(Article <\/em><\/span><em>R321-9 du Code p\u00e9nal)<\/em><\/li>\n<li class=\"p7 ft8\">Il est <strong><span style=\"text-decoration: underline;\">interdit de fumer<\/span><\/strong> dans l&rsquo;enceinte de l&rsquo;\u00e9cole. Chaque exposant doit laisser son emplacement impeccable \u00e0 son d\u00e9part et doit remporter ses poubelles ! Aucun objet invendu ne devra \u00eatre abandonn\u00e9 dans l\u2019enceinte ou le p\u00e9rim\u00e8tre de l\u2019\u00e9cole.<br \/><strong><span style=\"text-decoration: underline;\"><em>Dans le cas contraire, le ch\u00e8que de caution de 10\u20ac sera d\u00e9bit\u00e9!<\/em><\/span><\/strong><\/li>\n<li class=\"p7 ft8\">L&rsquo;acc\u00e8s de l&rsquo;\u00e9cole est interdit aux chiens.<\/li>\n<li class=\"p7 ft8\">La vente de boissons et petite restauration est r\u00e9serv\u00e9e \u00e0 l\u2019APEL.<\/li>\n<li class=\"p7 ft8\">La pr\u00e9sence \u00e0 cette journ\u00e9e implique l\u2019acceptation du pr\u00e9sent r\u00e8glement. Toute personne ne respectant pas cette r\u00e9glementation sera pri\u00e9e de quitter les lieux, sans qu\u2019elle puisse r\u00e9clamer le remboursement de sa r\u00e9servation.<\/li>\n<\/ol>\n<p class=\"p17 ft0\">Association des parents d&rsquo;\u00e9l\u00e8ves de l&rsquo;Ecole Libre de la Chamarette<br \/>1 Impasse de la Chamarette 74100 ANNEMASSE<\/p>\n<p class=\"p19 ft10\"><strong>Pour tous renseignements :<\/strong> <a href=\"mailto:videgrenier@apelchamarette.fr\">videgrenier@apelchamarette.fr<\/a>.<\/p>\n<p class=\"p19 ft10\" style=\"text-align: center;\"><span style=\"text-decoration: underline;\"><span style=\"color: #ff0000;\"><strong>Pour vous inscrire, Cliquez sur les emplacements souhait\u00e9s pour les ajouter au Panier.<\/strong><\/span><\/span><span style=\"text-decoration: underline; color: #ff0000;\"><a href=\"produit\/reservation-demplacements\" style=\"color: #ff0000; text-decoration: underline;\"><strong><\/strong><\/a><\/span><\/p>\n<p>[\/et_pb_text][\/et_pb_column][\/et_pb_row][\/et_pb_section][et_pb_section fb_built=\u00a0\u00bb1&Prime; inner_shadow=\u00a0\u00bbon\u00a0\u00bb _builder_version=\u00a0\u00bb4.16&Prime; custom_margin=\u00a0\u00bb0px||0px||false|false\u00a0\u00bb custom_padding=\u00a0\u00bb0px||0px||false|false\u00a0\u00bb box_shadow_style=\u00a0\u00bbpreset3&Prime; locked=\u00a0\u00bboff\u00a0\u00bb global_colors_info=\u00a0\u00bb{}\u00a0\u00bb][et_pb_row _builder_version=\u00a0\u00bb4.27.4&Prime; custom_margin=\u00a0\u00bb||||false|false\u00a0\u00bb custom_padding=\u00a0\u00bb0px||0px||true|false\u00a0\u00bb global_colors_info=\u00a0\u00bb{}\u00a0\u00bb][et_pb_column type=\u00a0\u00bb4_4&Prime; _builder_version=\u00a0\u00bb4.16&Prime; global_colors_info=\u00a0\u00bb{}\u00a0\u00bb][et_pb_code _builder_version=\u00a0\u00bb4.27.4&Prime; _module_preset=\u00a0\u00bbdefault\u00a0\u00bb global_colors_info=\u00a0\u00bb{}\u00a0\u00bb]<!-- [et_pb_line_break_holder] -->[\/et_pb_code][et_pb_code _builder_version=\u00a0\u00bb4.27.4&Prime; _module_preset=\u00a0\u00bbdefault\u00a0\u00bb global_colors_info=\u00a0\u00bb{}\u00a0\u00bb]<div class=\"vg-plan-mount\" data-vg-plan><\/div>[\/et_pb_code][\/et_pb_column][\/et_pb_row][\/et_pb_section][et_pb_section fb_built=\u00a0\u00bb1&Prime; inner_shadow=\u00a0\u00bbon\u00a0\u00bb _builder_version=\u00a0\u00bb4.16&Prime; custom_margin=\u00a0\u00bb0px||0px||false|false\u00a0\u00bb custom_padding=\u00a0\u00bb0px||0px||false|false\u00a0\u00bb box_shadow_style=\u00a0\u00bbpreset3&Prime; locked=\u00a0\u00bboff\u00a0\u00bb global_colors_info=\u00a0\u00bb{}\u00a0\u00bb][et_pb_row _builder_version=\u00a0\u00bb4.27.4&Prime; custom_margin=\u00a0\u00bb||||false|false\u00a0\u00bb custom_padding=\u00a0\u00bb20px|20px|0px|20px|false|false\u00a0\u00bb global_colors_info=\u00a0\u00bb{}\u00a0\u00bb][et_pb_column type=\u00a0\u00bb4_4&Prime; _builder_version=\u00a0\u00bb4.16&Prime; global_colors_info=\u00a0\u00bb{}\u00a0\u00bb][et_pb_text _builder_version=\u00a0\u00bb4.16&Prime; global_colors_info=\u00a0\u00bb{}\u00a0\u00bb]<\/p>\n<h3 class=\"p0 ft0\">Ajouter des Tables et des Bancs<\/h3>\n<p>[\/et_pb_text][\/et_pb_column][\/et_pb_row][et_pb_row column_structure=\u00a0\u00bb1_4,1_4,1_4,1_4&Prime; _builder_version=\u00a0\u00bb4.27.4&Prime; _module_preset=\u00a0\u00bbdefault\u00a0\u00bb custom_margin=\u00a0\u00bb0px||0px||true|false\u00a0\u00bb custom_padding=\u00a0\u00bb0px||0px||true|false\u00a0\u00bb global_colors_info=\u00a0\u00bb{}\u00a0\u00bb][et_pb_column type=\u00a0\u00bb1_4&Prime; _builder_version=\u00a0\u00bb4.27.4&Prime; _module_preset=\u00a0\u00bbdefault\u00a0\u00bb global_colors_info=\u00a0\u00bb{}\u00a0\u00bb][et_pb_wc_images product=\u00a0\u00bb673&Prime; show_product_gallery=\u00a0\u00bboff\u00a0\u00bb show_sale_badge=\u00a0\u00bboff\u00a0\u00bb _builder_version=\u00a0\u00bb4.27.4&Prime; _module_preset=\u00a0\u00bbdefault\u00a0\u00bb custom_margin=\u00a0\u00bb0px||0px||true|false\u00a0\u00bb custom_padding=\u00a0\u00bb||||false|false\u00a0\u00bb border_width_all_image=\u00a0\u00bb0px\u00a0\u00bb global_colors_info=\u00a0\u00bb{}\u00a0\u00bb][\/et_pb_wc_images][et_pb_wc_title product=\u00a0\u00bb673&Prime; _builder_version=\u00a0\u00bb4.27.4&Prime; _module_preset=\u00a0\u00bbdefault\u00a0\u00bb header_level=\u00a0\u00bbh6&Prime; header_text_align=\u00a0\u00bbcenter\u00a0\u00bb custom_margin=\u00a0\u00bb0px||0px||true|false\u00a0\u00bb global_colors_info=\u00a0\u00bb{}\u00a0\u00bb][\/et_pb_wc_title][et_pb_wc_price product=\u00a0\u00bb673&Prime; _builder_version=\u00a0\u00bb4.27.4&Prime; _module_preset=\u00a0\u00bbdefault\u00a0\u00bb body_font_size=\u00a0\u00bb20px\u00a0\u00bb text_orientation=\u00a0\u00bbcenter\u00a0\u00bb custom_margin=\u00a0\u00bb0px||5px||false|false\u00a0\u00bb global_colors_info=\u00a0\u00bb{}\u00a0\u00bb][\/et_pb_wc_price][et_pb_wc_add_to_cart product=\u00a0\u00bb673&Prime; field_label_position=\u00a0\u00bbstacked\u00a0\u00bb _builder_version=\u00a0\u00bb4.27.4&Prime; _module_preset=\u00a0\u00bbdefault\u00a0\u00bb text_orientation=\u00a0\u00bbcenter\u00a0\u00bb custom_margin=\u00a0\u00bb15px||15px||true|false\u00a0\u00bb custom_padding=\u00a0\u00bb||||false|false\u00a0\u00bb global_colors_info=\u00a0\u00bb{}\u00a0\u00bb][\/et_pb_wc_add_to_cart][et_pb_wc_description product=\u00a0\u00bb673&Prime; description_type=\u00a0\u00bbdescription\u00a0\u00bb _builder_version=\u00a0\u00bb4.27.4&Prime; _module_preset=\u00a0\u00bbdefault\u00a0\u00bb custom_margin=\u00a0\u00bb0px||10px||false|false\u00a0\u00bb custom_padding=\u00a0\u00bb|20px||20px|false|true\u00a0\u00bb hover_enabled=\u00a0\u00bb0&Prime; global_colors_info=\u00a0\u00bb{}\u00a0\u00bb sticky_enabled=\u00a0\u00bb0&Prime;][\/et_pb_wc_description][\/et_pb_column][et_pb_column type=\u00a0\u00bb1_4&Prime; _builder_version=\u00a0\u00bb4.27.4&Prime; _module_preset=\u00a0\u00bbdefault\u00a0\u00bb global_colors_info=\u00a0\u00bb{}\u00a0\u00bb][et_pb_wc_images product=\u00a0\u00bb679&Prime; show_product_gallery=\u00a0\u00bboff\u00a0\u00bb show_sale_badge=\u00a0\u00bboff\u00a0\u00bb _builder_version=\u00a0\u00bb4.27.4&Prime; _module_preset=\u00a0\u00bbdefault\u00a0\u00bb custom_margin=\u00a0\u00bb0px||0px||true|false\u00a0\u00bb global_colors_info=\u00a0\u00bb{}\u00a0\u00bb][\/et_pb_wc_images][et_pb_wc_title product=\u00a0\u00bb679&Prime; _builder_version=\u00a0\u00bb4.27.4&Prime; _module_preset=\u00a0\u00bbdefault\u00a0\u00bb header_level=\u00a0\u00bbh6&Prime; header_text_align=\u00a0\u00bbcenter\u00a0\u00bb custom_margin=\u00a0\u00bb0px||0px||true|false\u00a0\u00bb global_colors_info=\u00a0\u00bb{}\u00a0\u00bb][\/et_pb_wc_title][et_pb_wc_price product=\u00a0\u00bb679&Prime; _builder_version=\u00a0\u00bb4.27.4&Prime; _module_preset=\u00a0\u00bbdefault\u00a0\u00bb body_font_size=\u00a0\u00bb20px\u00a0\u00bb text_orientation=\u00a0\u00bbcenter\u00a0\u00bb custom_margin=\u00a0\u00bb0px||5px||false|false\u00a0\u00bb global_colors_info=\u00a0\u00bb{}\u00a0\u00bb][\/et_pb_wc_price][et_pb_wc_add_to_cart product=\u00a0\u00bb679&Prime; field_label_position=\u00a0\u00bbstacked\u00a0\u00bb _builder_version=\u00a0\u00bb4.27.4&Prime; _module_preset=\u00a0\u00bbdefault\u00a0\u00bb text_orientation=\u00a0\u00bbcenter\u00a0\u00bb custom_margin=\u00a0\u00bb15px||15px||true|false\u00a0\u00bb custom_padding=\u00a0\u00bb||||false|false\u00a0\u00bb global_colors_info=\u00a0\u00bb{}\u00a0\u00bb][\/et_pb_wc_add_to_cart][et_pb_wc_description product=\u00a0\u00bb679&Prime; description_type=\u00a0\u00bbdescription\u00a0\u00bb _builder_version=\u00a0\u00bb4.27.4&Prime; _module_preset=\u00a0\u00bbdefault\u00a0\u00bb custom_margin=\u00a0\u00bb0px||10px||false|false\u00a0\u00bb custom_padding=\u00a0\u00bb|20px||20px|false|true\u00a0\u00bb hover_enabled=\u00a0\u00bb0&Prime; global_colors_info=\u00a0\u00bb{}\u00a0\u00bb sticky_enabled=\u00a0\u00bb0&Prime;][\/et_pb_wc_description][\/et_pb_column][et_pb_column type=\u00a0\u00bb1_4&Prime; _builder_version=\u00a0\u00bb4.27.4&Prime; _module_preset=\u00a0\u00bbdefault\u00a0\u00bb global_colors_info=\u00a0\u00bb{}\u00a0\u00bb][\/et_pb_column][et_pb_column type=\u00a0\u00bb1_4&Prime; _builder_version=\u00a0\u00bb4.27.4&Prime; _module_preset=\u00a0\u00bbdefault\u00a0\u00bb global_colors_info=\u00a0\u00bb{}\u00a0\u00bb][\/et_pb_column][\/et_pb_row][\/et_pb_section]<\/p>\n","protected":false},"excerpt":{"rendered":"<p>Le Vide-greniers d&rsquo;Automne de la Chamarette&#8230;<\/p>\n","protected":false},"author":14,"featured_media":0,"parent":0,"menu_order":0,"comment_status":"closed","ping_status":"closed","template":"","meta":{"_et_pb_use_builder":"on","_et_pb_old_content":"","_et_gb_content_width":"","footnotes":""},"class_list":["post-1898","page","type-page","status-publish","hentry"],"yoast_head":"<!-- This site is optimized with the Yoast SEO plugin v26.4 - https:\/\/yoast.com\/wordpress\/plugins\/seo\/ -->\n<title>INSCRIPTION AU VIDE GRENIERS - APEL Chamarette - Vide Grenier<\/title>\n<meta name=\"description\" content=\"R\u00e9servez en ligne votre emplacement pour le prochain Vide Grenier organis\u00e9 par l&#039;APEL de la Chamarette, \u00e0 Annemasse.\" \/>\n<meta name=\"robots\" content=\"index, follow, max-snippet:-1, max-image-preview:large, max-video-preview:-1\" \/>\n<link rel=\"canonical\" href=\"https:\/\/www.apelchamarette.fr\/vide-grenier\/\" \/>\n<meta property=\"og:locale\" content=\"fr_FR\" \/>\n<meta property=\"og:type\" content=\"article\" \/>\n<meta property=\"og:title\" content=\"INSCRIPTION AU VIDE GRENIERS - APEL Chamarette\" \/>\n<meta property=\"og:description\" content=\"R\u00e9servez en ligne votre emplacement pour le prochain Vide Grenier organis\u00e9 par l&#039;APEL de la Chamarette, \u00e0 Annemasse.\" \/>\n<meta property=\"og:url\" content=\"https:\/\/www.apelchamarette.fr\/vide-grenier\/\" \/>\n<meta property=\"og:site_name\" content=\"APEL Chamarette - Vide Grenier\" \/>\n<meta property=\"article:modified_time\" content=\"2026-03-10T09:37:28+00:00\" \/>\n<meta name=\"twitter:card\" content=\"summary_large_image\" \/>\n<meta name=\"twitter:label1\" content=\"Dur\u00e9e de lecture estim\u00e9e\" \/>\n\t<meta name=\"twitter:data1\" content=\"4 minutes\" \/>\n<script type=\"application\/ld+json\" class=\"yoast-schema-graph\">{\"@context\":\"https:\/\/schema.org\",\"@graph\":[{\"@type\":\"WebPage\",\"@id\":\"https:\/\/www.apelchamarette.fr\/vide-grenier\/\",\"url\":\"https:\/\/www.apelchamarette.fr\/vide-grenier\/\",\"name\":\"INSCRIPTION AU VIDE GRENIERS - APEL Chamarette - Vide Grenier\",\"isPartOf\":{\"@id\":\"https:\/\/www.apelchamarette.fr\/vide-grenier\/#website\"},\"datePublished\":\"2025-12-19T23:35:17+00:00\",\"dateModified\":\"2026-03-10T09:37:28+00:00\",\"description\":\"R\u00e9servez en ligne votre emplacement pour le prochain Vide Grenier organis\u00e9 par l'APEL de la Chamarette, \u00e0 Annemasse.\",\"inLanguage\":\"fr-FR\",\"potentialAction\":[{\"@type\":\"ReadAction\",\"target\":[\"https:\/\/www.apelchamarette.fr\/vide-grenier\/\"]}]},{\"@type\":\"WebSite\",\"@id\":\"https:\/\/www.apelchamarette.fr\/vide-grenier\/#website\",\"url\":\"https:\/\/www.apelchamarette.fr\/vide-grenier\/\",\"name\":\"APEL Chamarette - Vide Grenier\",\"description\":\"Le Site de l&#039;APEL de la Chamarette\",\"publisher\":{\"@id\":\"https:\/\/www.apelchamarette.fr\/vide-grenier\/#organization\"},\"potentialAction\":[{\"@type\":\"SearchAction\",\"target\":{\"@type\":\"EntryPoint\",\"urlTemplate\":\"https:\/\/www.apelchamarette.fr\/vide-grenier\/?s={search_term_string}\"},\"query-input\":{\"@type\":\"PropertyValueSpecification\",\"valueRequired\":true,\"valueName\":\"search_term_string\"}}],\"inLanguage\":\"fr-FR\"},{\"@type\":\"Organization\",\"@id\":\"https:\/\/www.apelchamarette.fr\/vide-grenier\/#organization\",\"name\":\"APEL Chamarette - Vide Grenier\",\"url\":\"https:\/\/www.apelchamarette.fr\/vide-grenier\/\",\"logo\":{\"@type\":\"ImageObject\",\"inLanguage\":\"fr-FR\",\"@id\":\"https:\/\/www.apelchamarette.fr\/vide-grenier\/#\/schema\/logo\/image\/\",\"url\":\"https:\/\/www.apelchamarette.fr\/vide-grenier\/wp-content\/uploads\/sites\/2\/2020\/01\/cropped-cropped-cropped-Logo-1.png\",\"contentUrl\":\"https:\/\/www.apelchamarette.fr\/vide-grenier\/wp-content\/uploads\/sites\/2\/2020\/01\/cropped-cropped-cropped-Logo-1.png\",\"width\":452,\"height\":250,\"caption\":\"APEL Chamarette - Vide Grenier\"},\"image\":{\"@id\":\"https:\/\/www.apelchamarette.fr\/vide-grenier\/#\/schema\/logo\/image\/\"}}]}<\/script>\n<!-- \/ Yoast SEO plugin. -->","yoast_head_json":{"title":"INSCRIPTION AU VIDE GRENIERS - APEL Chamarette - Vide Grenier","description":"R\u00e9servez en ligne votre emplacement pour le prochain Vide Grenier organis\u00e9 par l'APEL de la Chamarette, \u00e0 Annemasse.","robots":{"index":"index","follow":"follow","max-snippet":"max-snippet:-1","max-image-preview":"max-image-preview:large","max-video-preview":"max-video-preview:-1"},"canonical":"https:\/\/www.apelchamarette.fr\/vide-grenier\/","og_locale":"fr_FR","og_type":"article","og_title":"INSCRIPTION AU VIDE GRENIERS - APEL Chamarette","og_description":"R\u00e9servez en ligne votre emplacement pour le prochain Vide Grenier organis\u00e9 par l'APEL de la Chamarette, \u00e0 Annemasse.","og_url":"https:\/\/www.apelchamarette.fr\/vide-grenier\/","og_site_name":"APEL Chamarette - Vide Grenier","article_modified_time":"2026-03-10T09:37:28+00:00","twitter_card":"summary_large_image","twitter_misc":{"Dur\u00e9e de lecture estim\u00e9e":"4 minutes"},"schema":{"@context":"https:\/\/schema.org","@graph":[{"@type":"WebPage","@id":"https:\/\/www.apelchamarette.fr\/vide-grenier\/","url":"https:\/\/www.apelchamarette.fr\/vide-grenier\/","name":"INSCRIPTION AU VIDE GRENIERS - APEL Chamarette - Vide Grenier","isPartOf":{"@id":"https:\/\/www.apelchamarette.fr\/vide-grenier\/#website"},"datePublished":"2025-12-19T23:35:17+00:00","dateModified":"2026-03-10T09:37:28+00:00","description":"R\u00e9servez en ligne votre emplacement pour le prochain Vide Grenier organis\u00e9 par l'APEL de la Chamarette, \u00e0 Annemasse.","inLanguage":"fr-FR","potentialAction":[{"@type":"ReadAction","target":["https:\/\/www.apelchamarette.fr\/vide-grenier\/"]}]},{"@type":"WebSite","@id":"https:\/\/www.apelchamarette.fr\/vide-grenier\/#website","url":"https:\/\/www.apelchamarette.fr\/vide-grenier\/","name":"APEL Chamarette - Vide Grenier","description":"Le Site de l&#039;APEL de la Chamarette","publisher":{"@id":"https:\/\/www.apelchamarette.fr\/vide-grenier\/#organization"},"potentialAction":[{"@type":"SearchAction","target":{"@type":"EntryPoint","urlTemplate":"https:\/\/www.apelchamarette.fr\/vide-grenier\/?s={search_term_string}"},"query-input":{"@type":"PropertyValueSpecification","valueRequired":true,"valueName":"search_term_string"}}],"inLanguage":"fr-FR"},{"@type":"Organization","@id":"https:\/\/www.apelchamarette.fr\/vide-grenier\/#organization","name":"APEL Chamarette - Vide Grenier","url":"https:\/\/www.apelchamarette.fr\/vide-grenier\/","logo":{"@type":"ImageObject","inLanguage":"fr-FR","@id":"https:\/\/www.apelchamarette.fr\/vide-grenier\/#\/schema\/logo\/image\/","url":"https:\/\/www.apelchamarette.fr\/vide-grenier\/wp-content\/uploads\/sites\/2\/2020\/01\/cropped-cropped-cropped-Logo-1.png","contentUrl":"https:\/\/www.apelchamarette.fr\/vide-grenier\/wp-content\/uploads\/sites\/2\/2020\/01\/cropped-cropped-cropped-Logo-1.png","width":452,"height":250,"caption":"APEL Chamarette - Vide Grenier"},"image":{"@id":"https:\/\/www.apelchamarette.fr\/vide-grenier\/#\/schema\/logo\/image\/"}}]}},"_links":{"self":[{"href":"https:\/\/www.apelchamarette.fr\/vide-grenier\/wp-json\/wp\/v2\/pages\/1898","targetHints":{"allow":["GET"]}}],"collection":[{"href":"https:\/\/www.apelchamarette.fr\/vide-grenier\/wp-json\/wp\/v2\/pages"}],"about":[{"href":"https:\/\/www.apelchamarette.fr\/vide-grenier\/wp-json\/wp\/v2\/types\/page"}],"author":[{"embeddable":true,"href":"https:\/\/www.apelchamarette.fr\/vide-grenier\/wp-json\/wp\/v2\/users\/14"}],"replies":[{"embeddable":true,"href":"https:\/\/www.apelchamarette.fr\/vide-grenier\/wp-json\/wp\/v2\/comments?post=1898"}],"version-history":[{"count":27,"href":"https:\/\/www.apelchamarette.fr\/vide-grenier\/wp-json\/wp\/v2\/pages\/1898\/revisions"}],"predecessor-version":[{"id":1966,"href":"https:\/\/www.apelchamarette.fr\/vide-grenier\/wp-json\/wp\/v2\/pages\/1898\/revisions\/1966"}],"wp:attachment":[{"href":"https:\/\/www.apelchamarette.fr\/vide-grenier\/wp-json\/wp\/v2\/media?parent=1898"}],"curies":[{"name":"wp","href":"https:\/\/api.w.org\/{rel}","templated":true}]}}